{"id":1562,"date":"2023-10-06T17:41:41","date_gmt":"2023-10-06T15:41:41","guid":{"rendered":"https:\/\/expressrepair-namur.be\/?post_type=product&#038;p=1562"},"modified":"2023-10-06T17:41:42","modified_gmt":"2023-10-06T15:41:42","slug":"p-smart-2020","status":"publish","type":"product","link":"http:\/\/expressrepair-namur.be\/index.php\/produit\/p-smart-2020\/","title":{"rendered":"P Smart (2020)"},"content":{"rendered":"<div class=\"csRow\">\n<div class=\"csColumnGap\" style=\"margin: 0px; padding: 0px; float: left; width: 1.56%;\"><img decoding=\"async\" style=\"border: none;\" src=\"http:\/\/expressrepair-namur.be\/wp-content\/plugins\/advanced-wp-columns\/assets\/js\/plugins\/views\/img\/1x1-pixel.png\" \/><\/div>\n<div class=\"csColumn\" style=\"margin: 0px; padding: 0px; float: left; width: 47.7%;\" data-csstartpoint=\"15\" data-csendpoint=\"472.5\" data-cswidth=\"47.7%\" data-csid=\"37fcbe4e-5fdb-6759-8cb8-f870b3d058da\">\n<h1 style=\"text-align: center;\">R\u00e9paration P Smart (2020)<\/h1>\n<p style=\"text-align: center;\">Avant de commencer la r\u00e9paration de votre P Smart (2020), Express Repair effectue toujours un diagnostique.<br \/>\nLe diagnostique de votre smartphone est factur\u00e9 <strong>20\u20ac<\/strong> qui seront d\u00e9duis du montant total du devis en cas de r\u00e9paration.<\/p>\n<p style=\"text-align: center;\">Pour prendre rendez-vous dans l&rsquo;un de nos ateliers ou \u00e0 domicile, contactez-nous via l&rsquo;onglet <a href=\"http:\/\/expressrepair-namur.be\/index.php\/contact-et-devis\/\"><strong>Contact et Devis<\/strong><\/a>.<\/p>\n<\/div>\n<div class=\"csColumnGap\" style=\"margin: 0px; padding: 0px; float: left; width: 1.56%;\"><img decoding=\"async\" style=\"border: none;\" src=\"http:\/\/expressrepair-namur.be\/wp-content\/plugins\/advanced-wp-columns\/assets\/js\/plugins\/views\/img\/1x1-pixel.png\" \/><\/div>\n<div class=\"csColumn\" style=\"margin: 0px; padding: 0px; float: left; width: 47.7%;\" data-csstartpoint=\"487.5\" data-csendpoint=\"945\" data-cswidth=\"47.7%\" data-csid=\"872f2395-d5b5-736b-8660-932b51fe02ef\">\n<p><img fetchpriority=\"high\" decoding=\"async\" class=\"aligncenter size-medium wp-image-13\" src=\"http:\/\/expressrepair-namur.be\/wp-content\/uploads\/2019\/02\/logo-express-repair-namur-300x237.png\" alt=\"Express Repair Namur, votre expert en r\u00e9paration de smartphone \u00e0 Namur.\" width=\"300\" height=\"237\" srcset=\"http:\/\/expressrepair-namur.be\/wp-content\/uploads\/2019\/02\/logo-express-repair-namur-300x237.png 300w, http:\/\/expressrepair-namur.be\/wp-content\/uploads\/2019\/02\/logo-express-repair-namur-600x474.png 600w, http:\/\/expressrepair-namur.be\/wp-content\/uploads\/2019\/02\/logo-express-repair-namur-768x607.png 768w, http:\/\/expressrepair-namur.be\/wp-content\/uploads\/2019\/02\/logo-express-repair-namur-1024x809.png 1024w, http:\/\/expressrepair-namur.be\/wp-content\/uploads\/2019\/02\/logo-express-repair-namur-800x632.png 800w\" sizes=\"(max-width: 300px) 100vw, 300px\" \/><\/p>\n<\/div>\n<div class=\"csColumnGap\" style=\"margin: 0px; padding: 0px; float: left; width: 1.56%;\"><img decoding=\"async\" style=\"border: none;\" src=\"http:\/\/expressrepair-namur.be\/wp-content\/plugins\/advanced-wp-columns\/assets\/js\/plugins\/views\/img\/1x1-pixel.png\" \/><\/div>\n<div style=\"clear: both; float: none; display: block; visibility: hidden; width: 0px; font-size: 0px; line-height: 0;\"><\/div>\n<\/div>\n<p>&nbsp;<\/p>\n","protected":false},"excerpt":{"rendered":"<p>R\u00e9paration P Smart (2020) Avant de commencer la r\u00e9paration de votre P Smart (2020), Express Repair effectue toujours un diagnostique. Le diagnostique de votre smartphone est factur\u00e9 20\u20ac qui seront d\u00e9duis du montant total du devis en cas de r\u00e9paration. Pour prendre rendez-vous dans l&rsquo;un de nos ateliers ou \u00e0 domicile, contactez-nous via l&rsquo;onglet Contact et Devis. &nbsp;<\/p>\n","protected":false},"featured_media":1563,"comment_status":"closed","ping_status":"closed","template":"","meta":{"_mbp_gutenberg_autopost":false},"product_brand":[],"product_cat":[34],"product_tag":[],"class_list":{"0":"post-1562","1":"product","2":"type-product","3":"status-publish","4":"has-post-thumbnail","6":"product_cat-serie-p","8":"first","9":"instock","10":"shipping-taxable","11":"purchasable","12":"product-type-variable"},"yoast_head":"<!-- This site is optimized with the Yoast SEO plugin v24.3 - https:\/\/yoast.com\/wordpress\/plugins\/seo\/ -->\n<title>P Smart (2020) - Express Repair Namur<\/title>\n<meta name=\"robots\" content=\"index, follow, max-snippet:-1, max-image-preview:large, max-video-preview:-1\" \/>\n<link rel=\"canonical\" href=\"https:\/\/expressrepair-namur.be\/index.php\/produit\/p-smart-2020\/\" \/>\n<meta property=\"og:locale\" content=\"fr_FR\" \/>\n<meta property=\"og:type\" content=\"article\" \/>\n<meta property=\"og:title\" content=\"P Smart (2020) - Express Repair Namur\" \/>\n<meta property=\"og:description\" content=\"R\u00e9paration P Smart (2020) Avant de commencer la r\u00e9paration de votre P Smart (2020), Express Repair effectue toujours un diagnostique. Le diagnostique de votre smartphone est factur\u00e9 20\u20ac qui seront d\u00e9duis du montant total du devis en cas de r\u00e9paration. Pour prendre rendez-vous dans l&rsquo;un de nos ateliers ou \u00e0 domicile, contactez-nous via l&rsquo;onglet Contact et Devis. &nbsp;\" \/>\n<meta property=\"og:url\" content=\"https:\/\/expressrepair-namur.be\/index.php\/produit\/p-smart-2020\/\" \/>\n<meta property=\"og:site_name\" content=\"Express Repair Namur\" \/>\n<meta property=\"article:modified_time\" content=\"2023-10-06T15:41:42+00:00\" \/>\n<meta property=\"og:image\" content=\"https:\/\/expressrepair-namur.be\/wp-content\/uploads\/2023\/10\/psmart-2020-e1696606781407.jpg\" \/>\n\t<meta property=\"og:image:width\" content=\"398\" \/>\n\t<meta property=\"og:image:height\" content=\"398\" \/>\n\t<meta property=\"og:image:type\" content=\"image\/jpeg\" \/>\n<meta name=\"twitter:card\" content=\"summary_large_image\" \/>\n<meta name=\"twitter:label1\" content=\"Dur\u00e9e de lecture estim\u00e9e\" \/>\n\t<meta name=\"twitter:data1\" content=\"2 minutes\" \/>\n<script type=\"application\/ld+json\" class=\"yoast-schema-graph\">{\"@context\":\"https:\/\/schema.org\",\"@graph\":[{\"@type\":\"WebPage\",\"@id\":\"https:\/\/expressrepair-namur.be\/index.php\/produit\/p-smart-2020\/\",\"url\":\"https:\/\/expressrepair-namur.be\/index.php\/produit\/p-smart-2020\/\",\"name\":\"P Smart (2020) - Express Repair Namur\",\"isPartOf\":{\"@id\":\"https:\/\/expressrepair-namur.be\/#website\"},\"primaryImageOfPage\":{\"@id\":\"https:\/\/expressrepair-namur.be\/index.php\/produit\/p-smart-2020\/#primaryimage\"},\"image\":{\"@id\":\"https:\/\/expressrepair-namur.be\/index.php\/produit\/p-smart-2020\/#primaryimage\"},\"thumbnailUrl\":\"http:\/\/expressrepair-namur.be\/wp-content\/uploads\/2023\/10\/psmart-2020-e1696606781407.jpg\",\"datePublished\":\"2023-10-06T15:41:41+00:00\",\"dateModified\":\"2023-10-06T15:41:42+00:00\",\"breadcrumb\":{\"@id\":\"https:\/\/expressrepair-namur.be\/index.php\/produit\/p-smart-2020\/#breadcrumb\"},\"inLanguage\":\"fr-FR\",\"potentialAction\":[{\"@type\":\"ReadAction\",\"target\":[\"https:\/\/expressrepair-namur.be\/index.php\/produit\/p-smart-2020\/\"]}]},{\"@type\":\"ImageObject\",\"inLanguage\":\"fr-FR\",\"@id\":\"https:\/\/expressrepair-namur.be\/index.php\/produit\/p-smart-2020\/#primaryimage\",\"url\":\"http:\/\/expressrepair-namur.be\/wp-content\/uploads\/2023\/10\/psmart-2020-e1696606781407.jpg\",\"contentUrl\":\"http:\/\/expressrepair-namur.be\/wp-content\/uploads\/2023\/10\/psmart-2020-e1696606781407.jpg\",\"width\":398,\"height\":398},{\"@type\":\"BreadcrumbList\",\"@id\":\"https:\/\/expressrepair-namur.be\/index.php\/produit\/p-smart-2020\/#breadcrumb\",\"itemListElement\":[{\"@type\":\"ListItem\",\"position\":1,\"name\":\"Accueil\",\"item\":\"https:\/\/expressrepair-namur.be\/\"},{\"@type\":\"ListItem\",\"position\":2,\"name\":\"Tarif\",\"item\":\"https:\/\/expressrepair-namur.be\/index.php\/tarif\/\"},{\"@type\":\"ListItem\",\"position\":3,\"name\":\"P Smart (2020)\"}]},{\"@type\":\"WebSite\",\"@id\":\"https:\/\/expressrepair-namur.be\/#website\",\"url\":\"https:\/\/expressrepair-namur.be\/\",\"name\":\"Express Repair Namur\",\"description\":\"\",\"potentialAction\":[{\"@type\":\"SearchAction\",\"target\":{\"@type\":\"EntryPoint\",\"urlTemplate\":\"https:\/\/expressrepair-namur.be\/?s={search_term_string}\"},\"query-input\":{\"@type\":\"PropertyValueSpecification\",\"valueRequired\":true,\"valueName\":\"search_term_string\"}}],\"inLanguage\":\"fr-FR\"}]}<\/script>\n<!-- \/ Yoast SEO plugin. -->","yoast_head_json":{"title":"P Smart (2020) - Express Repair Namur","robots":{"index":"index","follow":"follow","max-snippet":"max-snippet:-1","max-image-preview":"max-image-preview:large","max-video-preview":"max-video-preview:-1"},"canonical":"https:\/\/expressrepair-namur.be\/index.php\/produit\/p-smart-2020\/","og_locale":"fr_FR","og_type":"article","og_title":"P Smart (2020) - Express Repair Namur","og_description":"R\u00e9paration P Smart (2020) Avant de commencer la r\u00e9paration de votre P Smart (2020), Express Repair effectue toujours un diagnostique. Le diagnostique de votre smartphone est factur\u00e9 20\u20ac qui seront d\u00e9duis du montant total du devis en cas de r\u00e9paration. Pour prendre rendez-vous dans l&rsquo;un de nos ateliers ou \u00e0 domicile, contactez-nous via l&rsquo;onglet Contact et Devis. &nbsp;","og_url":"https:\/\/expressrepair-namur.be\/index.php\/produit\/p-smart-2020\/","og_site_name":"Express Repair Namur","article_modified_time":"2023-10-06T15:41:42+00:00","og_image":[{"width":398,"height":398,"url":"https:\/\/expressrepair-namur.be\/wp-content\/uploads\/2023\/10\/psmart-2020-e1696606781407.jpg","type":"image\/jpeg"}],"twitter_card":"summary_large_image","twitter_misc":{"Dur\u00e9e de lecture estim\u00e9e":"2 minutes"},"schema":{"@context":"https:\/\/schema.org","@graph":[{"@type":"WebPage","@id":"https:\/\/expressrepair-namur.be\/index.php\/produit\/p-smart-2020\/","url":"https:\/\/expressrepair-namur.be\/index.php\/produit\/p-smart-2020\/","name":"P Smart (2020) - Express Repair Namur","isPartOf":{"@id":"https:\/\/expressrepair-namur.be\/#website"},"primaryImageOfPage":{"@id":"https:\/\/expressrepair-namur.be\/index.php\/produit\/p-smart-2020\/#primaryimage"},"image":{"@id":"https:\/\/expressrepair-namur.be\/index.php\/produit\/p-smart-2020\/#primaryimage"},"thumbnailUrl":"http:\/\/expressrepair-namur.be\/wp-content\/uploads\/2023\/10\/psmart-2020-e1696606781407.jpg","datePublished":"2023-10-06T15:41:41+00:00","dateModified":"2023-10-06T15:41:42+00:00","breadcrumb":{"@id":"https:\/\/expressrepair-namur.be\/index.php\/produit\/p-smart-2020\/#breadcrumb"},"inLanguage":"fr-FR","potentialAction":[{"@type":"ReadAction","target":["https:\/\/expressrepair-namur.be\/index.php\/produit\/p-smart-2020\/"]}]},{"@type":"ImageObject","inLanguage":"fr-FR","@id":"https:\/\/expressrepair-namur.be\/index.php\/produit\/p-smart-2020\/#primaryimage","url":"http:\/\/expressrepair-namur.be\/wp-content\/uploads\/2023\/10\/psmart-2020-e1696606781407.jpg","contentUrl":"http:\/\/expressrepair-namur.be\/wp-content\/uploads\/2023\/10\/psmart-2020-e1696606781407.jpg","width":398,"height":398},{"@type":"BreadcrumbList","@id":"https:\/\/expressrepair-namur.be\/index.php\/produit\/p-smart-2020\/#breadcrumb","itemListElement":[{"@type":"ListItem","position":1,"name":"Accueil","item":"https:\/\/expressrepair-namur.be\/"},{"@type":"ListItem","position":2,"name":"Tarif","item":"https:\/\/expressrepair-namur.be\/index.php\/tarif\/"},{"@type":"ListItem","position":3,"name":"P Smart (2020)"}]},{"@type":"WebSite","@id":"https:\/\/expressrepair-namur.be\/#website","url":"https:\/\/expressrepair-namur.be\/","name":"Express Repair Namur","description":"","potentialAction":[{"@type":"SearchAction","target":{"@type":"EntryPoint","urlTemplate":"https:\/\/expressrepair-namur.be\/?s={search_term_string}"},"query-input":{"@type":"PropertyValueSpecification","valueRequired":true,"valueName":"search_term_string"}}],"inLanguage":"fr-FR"}]}},"_links":{"self":[{"href":"http:\/\/expressrepair-namur.be\/index.php\/wp-json\/wp\/v2\/product\/1562","targetHints":{"allow":["GET"]}}],"collection":[{"href":"http:\/\/expressrepair-namur.be\/index.php\/wp-json\/wp\/v2\/product"}],"about":[{"href":"http:\/\/expressrepair-namur.be\/index.php\/wp-json\/wp\/v2\/types\/product"}],"replies":[{"embeddable":true,"href":"http:\/\/expressrepair-namur.be\/index.php\/wp-json\/wp\/v2\/comments?post=1562"}],"wp:featuredmedia":[{"embeddable":true,"href":"http:\/\/expressrepair-namur.be\/index.php\/wp-json\/wp\/v2\/media\/1563"}],"wp:attachment":[{"href":"http:\/\/expressrepair-namur.be\/index.php\/wp-json\/wp\/v2\/media?parent=1562"}],"wp:term":[{"taxonomy":"product_brand","embeddable":true,"href":"http:\/\/expressrepair-namur.be\/index.php\/wp-json\/wp\/v2\/product_brand?post=1562"},{"taxonomy":"product_cat","embeddable":true,"href":"http:\/\/expressrepair-namur.be\/index.php\/wp-json\/wp\/v2\/product_cat?post=1562"},{"taxonomy":"product_tag","embeddable":true,"href":"http:\/\/expressrepair-namur.be\/index.php\/wp-json\/wp\/v2\/product_tag?post=1562"}],"curies":[{"name":"wp","href":"https:\/\/api.w.org\/{rel}","templated":true}]}}