{"id":2750,"date":"2024-04-03T17:51:26","date_gmt":"2024-04-03T15:51:26","guid":{"rendered":"http:\/\/expressrepair-namur.be\/?post_type=product&#038;p=2750"},"modified":"2024-04-04T16:41:20","modified_gmt":"2024-04-04T14:41:20","slug":"oneplus-9pro-2","status":"publish","type":"product","link":"http:\/\/expressrepair-namur.be\/index.php\/produit\/oneplus-9pro-2\/","title":{"rendered":"OnePlus 9Pro"},"content":{"rendered":"<div class=\"csRow\">\n<div class=\"csColumnGap\" style=\"margin: 0px; padding: 0px; float: left; width: 1.56%;\"><img decoding=\"async\" style=\"border: none;\" src=\"http:\/\/expressrepair-namur.be\/wp-content\/plugins\/advanced-wp-columns\/assets\/js\/plugins\/views\/img\/1x1-pixel.png\" \/><\/div>\n<div class=\"csColumn\" style=\"margin: 0px; padding: 0px; float: left; width: 47.7%;\" data-csstartpoint=\"15\" data-csendpoint=\"472.5\" data-cswidth=\"47.7%\" data-csid=\"37fcbe4e-5fdb-6759-8cb8-f870b3d058da\">\n<h1 style=\"text-align: center;\">R\u00e9paration OnePlus 9Pro<\/h1>\n<p style=\"text-align: center;\">Avant de commencer la r\u00e9paration de votre OnePlus 9Pro, Express Repair effectue toujours un diagnostique.<br \/>\nLe diagnostique de votre smartphone est factur\u00e9 <strong>20<\/strong><strong>\u20ac<\/strong> qui seront d\u00e9duis du montant total du devis en cas de r\u00e9paration.<\/p>\n<p style=\"text-align: center;\">Pour prendre rendez-vous dans l&rsquo;un de nos ateliers ou \u00e0 domicile, contactez-nous via l&rsquo;onglet <a href=\"http:\/\/expressrepair-namur.be\/index.php\/contact-et-devis\/\"><strong>Contact et Devis<\/strong><\/a>.<\/p>\n<\/div>\n<div class=\"csColumnGap\" style=\"margin: 0px; padding: 0px; float: left; width: 1.56%;\"><img decoding=\"async\" style=\"border: none;\" src=\"http:\/\/expressrepair-namur.be\/wp-content\/plugins\/advanced-wp-columns\/assets\/js\/plugins\/views\/img\/1x1-pixel.png\" \/><\/div>\n<div class=\"csColumn\" style=\"margin: 0px; padding: 0px; float: left; width: 47.7%;\" data-csstartpoint=\"487.5\" data-csendpoint=\"945\" data-cswidth=\"47.7%\" data-csid=\"872f2395-d5b5-736b-8660-932b51fe02ef\">\n<p><img fetchpriority=\"high\" decoding=\"async\" class=\"aligncenter size-medium wp-image-13\" src=\"http:\/\/expressrepair-namur.be\/wp-content\/uploads\/2019\/02\/logo-express-repair-namur-300x237.png\" alt=\"Express Repair Namur, votre expert en r\u00e9paration de smartphone \u00e0 Namur.\" width=\"300\" height=\"237\" srcset=\"http:\/\/expressrepair-namur.be\/wp-content\/uploads\/2019\/02\/logo-express-repair-namur-300x237.png 300w, http:\/\/expressrepair-namur.be\/wp-content\/uploads\/2019\/02\/logo-express-repair-namur-600x474.png 600w, http:\/\/expressrepair-namur.be\/wp-content\/uploads\/2019\/02\/logo-express-repair-namur-768x607.png 768w, http:\/\/expressrepair-namur.be\/wp-content\/uploads\/2019\/02\/logo-express-repair-namur-1024x809.png 1024w, http:\/\/expressrepair-namur.be\/wp-content\/uploads\/2019\/02\/logo-express-repair-namur-800x632.png 800w\" sizes=\"(max-width: 300px) 100vw, 300px\" \/><\/p>\n<\/div>\n<div class=\"csColumnGap\" style=\"margin: 0px; padding: 0px; float: left; width: 1.56%;\"><img decoding=\"async\" style=\"border: none;\" src=\"http:\/\/expressrepair-namur.be\/wp-content\/plugins\/advanced-wp-columns\/assets\/js\/plugins\/views\/img\/1x1-pixel.png\" \/><\/div>\n<div style=\"clear: both; float: none; display: block; visibility: hidden; width: 0px; font-size: 0px; line-height: 0;\"><\/div>\n<\/div>\n<p>&nbsp;<\/p>\n","protected":false},"excerpt":{"rendered":"<p>R\u00e9paration OnePlus 9Pro Avant de commencer la r\u00e9paration de votre OnePlus 9Pro, Express Repair effectue toujours un diagnostique. Le diagnostique de votre smartphone est factur\u00e9 20\u20ac qui seront d\u00e9duis du montant total du devis en cas de r\u00e9paration. Pour prendre rendez-vous dans l&rsquo;un de nos ateliers ou \u00e0 domicile, contactez-nous via l&rsquo;onglet Contact et Devis. &nbsp;<\/p>\n","protected":false},"featured_media":2757,"comment_status":"closed","ping_status":"closed","template":"","meta":{"_mbp_gutenberg_autopost":false},"product_brand":[],"product_cat":[43],"product_tag":[],"class_list":{"0":"post-2750","1":"product","2":"type-product","3":"status-publish","4":"has-post-thumbnail","6":"product_cat-reparation-oneplus","8":"first","9":"instock","10":"shipping-taxable","11":"purchasable","12":"product-type-variable"},"yoast_head":"<!-- This site is optimized with the Yoast SEO plugin v24.3 - https:\/\/yoast.com\/wordpress\/plugins\/seo\/ -->\n<title>OnePlus 9Pro - Express Repair Namur<\/title>\n<meta name=\"robots\" content=\"index, follow, max-snippet:-1, max-image-preview:large, max-video-preview:-1\" \/>\n<link rel=\"canonical\" href=\"http:\/\/expressrepair-namur.be\/index.php\/produit\/oneplus-9pro-2\/\" \/>\n<meta property=\"og:locale\" content=\"fr_FR\" \/>\n<meta property=\"og:type\" content=\"article\" \/>\n<meta property=\"og:title\" content=\"OnePlus 9Pro - Express Repair Namur\" \/>\n<meta property=\"og:description\" content=\"R\u00e9paration OnePlus 9Pro Avant de commencer la r\u00e9paration de votre OnePlus 9Pro, Express Repair effectue toujours un diagnostique. Le diagnostique de votre smartphone est factur\u00e9 20\u20ac qui seront d\u00e9duis du montant total du devis en cas de r\u00e9paration. Pour prendre rendez-vous dans l&rsquo;un de nos ateliers ou \u00e0 domicile, contactez-nous via l&rsquo;onglet Contact et Devis. &nbsp;\" \/>\n<meta property=\"og:url\" content=\"http:\/\/expressrepair-namur.be\/index.php\/produit\/oneplus-9pro-2\/\" \/>\n<meta property=\"og:site_name\" content=\"Express Repair Namur\" \/>\n<meta property=\"article:modified_time\" content=\"2024-04-04T14:41:20+00:00\" \/>\n<meta property=\"og:image\" content=\"http:\/\/expressrepair-namur.be\/wp-content\/uploads\/2024\/04\/one-plus-9-Pro-e1712159460527.png\" \/>\n\t<meta property=\"og:image:width\" content=\"609\" \/>\n\t<meta property=\"og:image:height\" content=\"609\" \/>\n\t<meta property=\"og:image:type\" content=\"image\/png\" \/>\n<meta name=\"twitter:card\" content=\"summary_large_image\" \/>\n<script type=\"application\/ld+json\" class=\"yoast-schema-graph\">{\"@context\":\"https:\/\/schema.org\",\"@graph\":[{\"@type\":\"WebPage\",\"@id\":\"http:\/\/expressrepair-namur.be\/index.php\/produit\/oneplus-9pro-2\/\",\"url\":\"http:\/\/expressrepair-namur.be\/index.php\/produit\/oneplus-9pro-2\/\",\"name\":\"OnePlus 9Pro - Express Repair Namur\",\"isPartOf\":{\"@id\":\"https:\/\/expressrepair-namur.be\/#website\"},\"primaryImageOfPage\":{\"@id\":\"http:\/\/expressrepair-namur.be\/index.php\/produit\/oneplus-9pro-2\/#primaryimage\"},\"image\":{\"@id\":\"http:\/\/expressrepair-namur.be\/index.php\/produit\/oneplus-9pro-2\/#primaryimage\"},\"thumbnailUrl\":\"http:\/\/expressrepair-namur.be\/wp-content\/uploads\/2024\/04\/one-plus-9-Pro-e1712159460527.png\",\"datePublished\":\"2024-04-03T15:51:26+00:00\",\"dateModified\":\"2024-04-04T14:41:20+00:00\",\"breadcrumb\":{\"@id\":\"http:\/\/expressrepair-namur.be\/index.php\/produit\/oneplus-9pro-2\/#breadcrumb\"},\"inLanguage\":\"fr-FR\",\"potentialAction\":[{\"@type\":\"ReadAction\",\"target\":[\"http:\/\/expressrepair-namur.be\/index.php\/produit\/oneplus-9pro-2\/\"]}]},{\"@type\":\"ImageObject\",\"inLanguage\":\"fr-FR\",\"@id\":\"http:\/\/expressrepair-namur.be\/index.php\/produit\/oneplus-9pro-2\/#primaryimage\",\"url\":\"http:\/\/expressrepair-namur.be\/wp-content\/uploads\/2024\/04\/one-plus-9-Pro-e1712159460527.png\",\"contentUrl\":\"http:\/\/expressrepair-namur.be\/wp-content\/uploads\/2024\/04\/one-plus-9-Pro-e1712159460527.png\",\"width\":609,\"height\":609},{\"@type\":\"BreadcrumbList\",\"@id\":\"http:\/\/expressrepair-namur.be\/index.php\/produit\/oneplus-9pro-2\/#breadcrumb\",\"itemListElement\":[{\"@type\":\"ListItem\",\"position\":1,\"name\":\"Accueil\",\"item\":\"https:\/\/expressrepair-namur.be\/\"},{\"@type\":\"ListItem\",\"position\":2,\"name\":\"Tarif\",\"item\":\"https:\/\/expressrepair-namur.be\/index.php\/tarif\/\"},{\"@type\":\"ListItem\",\"position\":3,\"name\":\"OnePlus 9Pro\"}]},{\"@type\":\"WebSite\",\"@id\":\"https:\/\/expressrepair-namur.be\/#website\",\"url\":\"https:\/\/expressrepair-namur.be\/\",\"name\":\"Express Repair Namur\",\"description\":\"\",\"potentialAction\":[{\"@type\":\"SearchAction\",\"target\":{\"@type\":\"EntryPoint\",\"urlTemplate\":\"https:\/\/expressrepair-namur.be\/?s={search_term_string}\"},\"query-input\":{\"@type\":\"PropertyValueSpecification\",\"valueRequired\":true,\"valueName\":\"search_term_string\"}}],\"inLanguage\":\"fr-FR\"}]}<\/script>\n<!-- \/ Yoast SEO plugin. -->","yoast_head_json":{"title":"OnePlus 9Pro - Express Repair Namur","robots":{"index":"index","follow":"follow","max-snippet":"max-snippet:-1","max-image-preview":"max-image-preview:large","max-video-preview":"max-video-preview:-1"},"canonical":"http:\/\/expressrepair-namur.be\/index.php\/produit\/oneplus-9pro-2\/","og_locale":"fr_FR","og_type":"article","og_title":"OnePlus 9Pro - Express Repair Namur","og_description":"R\u00e9paration OnePlus 9Pro Avant de commencer la r\u00e9paration de votre OnePlus 9Pro, Express Repair effectue toujours un diagnostique. Le diagnostique de votre smartphone est factur\u00e9 20\u20ac qui seront d\u00e9duis du montant total du devis en cas de r\u00e9paration. Pour prendre rendez-vous dans l&rsquo;un de nos ateliers ou \u00e0 domicile, contactez-nous via l&rsquo;onglet Contact et Devis. &nbsp;","og_url":"http:\/\/expressrepair-namur.be\/index.php\/produit\/oneplus-9pro-2\/","og_site_name":"Express Repair Namur","article_modified_time":"2024-04-04T14:41:20+00:00","og_image":[{"width":609,"height":609,"url":"http:\/\/expressrepair-namur.be\/wp-content\/uploads\/2024\/04\/one-plus-9-Pro-e1712159460527.png","type":"image\/png"}],"twitter_card":"summary_large_image","schema":{"@context":"https:\/\/schema.org","@graph":[{"@type":"WebPage","@id":"http:\/\/expressrepair-namur.be\/index.php\/produit\/oneplus-9pro-2\/","url":"http:\/\/expressrepair-namur.be\/index.php\/produit\/oneplus-9pro-2\/","name":"OnePlus 9Pro - Express Repair Namur","isPartOf":{"@id":"https:\/\/expressrepair-namur.be\/#website"},"primaryImageOfPage":{"@id":"http:\/\/expressrepair-namur.be\/index.php\/produit\/oneplus-9pro-2\/#primaryimage"},"image":{"@id":"http:\/\/expressrepair-namur.be\/index.php\/produit\/oneplus-9pro-2\/#primaryimage"},"thumbnailUrl":"http:\/\/expressrepair-namur.be\/wp-content\/uploads\/2024\/04\/one-plus-9-Pro-e1712159460527.png","datePublished":"2024-04-03T15:51:26+00:00","dateModified":"2024-04-04T14:41:20+00:00","breadcrumb":{"@id":"http:\/\/expressrepair-namur.be\/index.php\/produit\/oneplus-9pro-2\/#breadcrumb"},"inLanguage":"fr-FR","potentialAction":[{"@type":"ReadAction","target":["http:\/\/expressrepair-namur.be\/index.php\/produit\/oneplus-9pro-2\/"]}]},{"@type":"ImageObject","inLanguage":"fr-FR","@id":"http:\/\/expressrepair-namur.be\/index.php\/produit\/oneplus-9pro-2\/#primaryimage","url":"http:\/\/expressrepair-namur.be\/wp-content\/uploads\/2024\/04\/one-plus-9-Pro-e1712159460527.png","contentUrl":"http:\/\/expressrepair-namur.be\/wp-content\/uploads\/2024\/04\/one-plus-9-Pro-e1712159460527.png","width":609,"height":609},{"@type":"BreadcrumbList","@id":"http:\/\/expressrepair-namur.be\/index.php\/produit\/oneplus-9pro-2\/#breadcrumb","itemListElement":[{"@type":"ListItem","position":1,"name":"Accueil","item":"https:\/\/expressrepair-namur.be\/"},{"@type":"ListItem","position":2,"name":"Tarif","item":"https:\/\/expressrepair-namur.be\/index.php\/tarif\/"},{"@type":"ListItem","position":3,"name":"OnePlus 9Pro"}]},{"@type":"WebSite","@id":"https:\/\/expressrepair-namur.be\/#website","url":"https:\/\/expressrepair-namur.be\/","name":"Express Repair Namur","description":"","potentialAction":[{"@type":"SearchAction","target":{"@type":"EntryPoint","urlTemplate":"https:\/\/expressrepair-namur.be\/?s={search_term_string}"},"query-input":{"@type":"PropertyValueSpecification","valueRequired":true,"valueName":"search_term_string"}}],"inLanguage":"fr-FR"}]}},"_links":{"self":[{"href":"http:\/\/expressrepair-namur.be\/index.php\/wp-json\/wp\/v2\/product\/2750","targetHints":{"allow":["GET"]}}],"collection":[{"href":"http:\/\/expressrepair-namur.be\/index.php\/wp-json\/wp\/v2\/product"}],"about":[{"href":"http:\/\/expressrepair-namur.be\/index.php\/wp-json\/wp\/v2\/types\/product"}],"replies":[{"embeddable":true,"href":"http:\/\/expressrepair-namur.be\/index.php\/wp-json\/wp\/v2\/comments?post=2750"}],"wp:featuredmedia":[{"embeddable":true,"href":"http:\/\/expressrepair-namur.be\/index.php\/wp-json\/wp\/v2\/media\/2757"}],"wp:attachment":[{"href":"http:\/\/expressrepair-namur.be\/index.php\/wp-json\/wp\/v2\/media?parent=2750"}],"wp:term":[{"taxonomy":"product_brand","embeddable":true,"href":"http:\/\/expressrepair-namur.be\/index.php\/wp-json\/wp\/v2\/product_brand?post=2750"},{"taxonomy":"product_cat","embeddable":true,"href":"http:\/\/expressrepair-namur.be\/index.php\/wp-json\/wp\/v2\/product_cat?post=2750"},{"taxonomy":"product_tag","embeddable":true,"href":"http:\/\/expressrepair-namur.be\/index.php\/wp-json\/wp\/v2\/product_tag?post=2750"}],"curies":[{"name":"wp","href":"https:\/\/api.w.org\/{rel}","templated":true}]}}