{"id":5,"date":"2019-02-14T10:30:31","date_gmt":"2019-02-14T09:30:31","guid":{"rendered":"http:\/\/expressrepair-namur.be\/?page_id=5"},"modified":"2023-08-16T17:34:18","modified_gmt":"2023-08-16T15:34:18","slug":"accueil","status":"publish","type":"page","link":"https:\/\/expressrepair-namur.be\/","title":{"rendered":"Accueil"},"content":{"rendered":"<div class=\"csRow\">\n<figure><img decoding=\"async\" style=\"border: none;\" src=\"http:\/\/expressrepair-namur.be\/wp-content\/plugins\/advanced-wp-columns\/assets\/js\/plugins\/views\/img\/1x1-pixel.png\" \/><\/figure>\n<div class=\"csColumnGap\" style=\"margin: 0px; padding: 0px; float: left; width: 1.56%;\">\u00a0<\/div>\n<div class=\"csColumn\" style=\"margin: 0px; padding: 0px; float: left; width: 45.6%;\" data-csstartpoint=\"15\" data-csendpoint=\"452.5\" data-cswidth=\"45.6%\" data-csid=\"371fac09-e624-9d08-b9f5-4aaa7d99f8f1\">\n<h1 style=\"text-align: center;\"><span style=\"color: #ff0000;\">\/!\\ Suite \u00e0 la p\u00e9nurie de pi\u00e8ces \u00e9lectronique mondiale, les prix peuvent varier \/!\\<\/span><\/h1>\n<h1 style=\"text-align: center;\">Express Repair, votre Expert en r\u00e9paration de smartphones, tablettes, PC et autres mat\u00e9riels \u00e9lectroniques!<\/h1>\n<p style=\"text-align: justify;\">Votre t\u00e9l\u00e9phone est tomb\u00e9 dans l\u2019eau ? Votre ordinateur devient lent, chauffe ou fait beaucoup de bruit ? Votre tablette vous a \u00e9chapp\u00e9e des mains et s\u2019est bris\u00e9e ? Express Repair est l\u00e0 pour vous aider !<\/p>\n<p style=\"text-align: center;\"><strong>Avec Express Repair, le technicien peut aussi venir \u00e0 vous.<\/strong><\/p>\n<p style=\"text-align: justify;\">En 2010, la passion pour l\u2019\u00e9lectronique s\u2019est r\u00e9veill\u00e9e chez un \u00e9tudiant en informatique et a, au fil du temps, fait naitre ce nouveau concept. Fort de son exp\u00e9rience, Express Repair diagnostic rapidement et efficacement le probl\u00e8me de votre mat\u00e9riel et le r\u00e9sout au plus vite. Dans le but d&rsquo;offrir le meilleur service possible, le technicien peut \u00e9galement se d\u00e9placer \u00e0 domicile le samedi.<\/p>\n<p style=\"text-align: justify;\">Le d\u00e9placement n\u2019est pas un probl\u00e8me pour vous ? Express Repair vous re\u00e7oit \u00e0 Andenne du lundi au vendredi et peut se d\u00e9placer chez vous le samedi <strong><a href=\"http:\/\/expressrepair-namur.be\/index.php\/contact-et-devis\/\">sur rendez-vous<\/a>.<\/strong><\/p>\n<p style=\"text-align: justify;\">Dans l&rsquo;onglet <a href=\"http:\/\/expressrepair-namur.be\/index.php\/tarif\/\"><strong>Tarif<\/strong><\/a>, vous trouverez le co\u00fbt des diff\u00e9rentes r\u00e9parations en fonction du mod\u00e8le de votre appareil. Vous ne trouvez pas votre mod\u00e8le dans la liste ? Vous souhaitez faire r\u00e9parer un projecteur, un d\u00e9codeur, une t\u00e9l\u00e9vision ou tout autre type d&rsquo;appareil \u00e9lectronique ? Pas de souci, faites une demande de <a href=\"http:\/\/expressrepair-namur.be\/index.php\/contact-et-devis\/\"><strong>Devis<\/strong><\/a> pour connaitre le co\u00fbt de la r\u00e9paration de votre appareil.<\/p>\n<p style=\"text-align: justify;\">Express Repair, vend \u00e9galement du mat\u00e9riel neuf, d\u2019occasion ou reconditionn\u00e9 ainsi que des accessoires pour votre plus grande satisfaction et en se souciant toujours du meilleur rapport qualit\u00e9 \/ prix possible.<\/p>\n<h3 style=\"text-align: center;\">Flexibilit\u00e9 et satisfaction client sont nos maitres mots.<br \/>Express Repair c\u2019est la garantie du meilleur service au meilleur prix.<\/h3>\n<\/div>\n<figure><img decoding=\"async\" style=\"border: none;\" src=\"http:\/\/expressrepair-namur.be\/wp-content\/plugins\/advanced-wp-columns\/assets\/js\/plugins\/views\/img\/1x1-pixel.png\" \/><\/figure>\n<div class=\"csColumnGap\" style=\"margin: 0px; padding: 0px; float: left; width: 5.73%;\">\u00a0<\/div>\n<div class=\"csColumn\" style=\"margin: 0px; padding: 0px; float: left; width: 45.6%;\" data-csstartpoint=\"507.5\" data-csendpoint=\"945\" data-cswidth=\"45.6%\" data-csid=\"faffaa91-d7af-bafc-b4b3-07ff339f46fb\"><div class=\"woocommerce columns-2 \"><ul class=\"products columns-2\">\n<li class=\"product type-product post-87 status-publish first instock product_cat-iphone has-post-thumbnail shipping-taxable purchasable product-type-variable\">\n\t<div class=\"inner_product \"><a href=\"https:\/\/expressrepair-namur.be\/index.php\/produit\/reparation-iphone-x\/\" class=\"woocommerce-LoopProduct-link woocommerce-loop-product__link\"><div class=\"thumbnail_wrapper\"><img fetchpriority=\"high\" decoding=\"async\" width=\"665\" height=\"665\" src=\"https:\/\/expressrepair-namur.be\/wp-content\/uploads\/2019\/03\/x-e1696593871215.jpg\" class=\"attachment-shop_catalog size-shop_catalog wp-post-image\" alt=\"\" srcset=\"https:\/\/expressrepair-namur.be\/wp-content\/uploads\/2019\/03\/x-e1696593871215.jpg 665w, https:\/\/expressrepair-namur.be\/wp-content\/uploads\/2019\/03\/x-e1696593871215-300x300.jpg 300w, https:\/\/expressrepair-namur.be\/wp-content\/uploads\/2019\/03\/x-e1696593871215-150x150.jpg 150w, https:\/\/expressrepair-namur.be\/wp-content\/uploads\/2019\/03\/x-e1696593871215-250x250.jpg 250w, https:\/\/expressrepair-namur.be\/wp-content\/uploads\/2019\/03\/x-e1696593871215-600x600.jpg 600w, https:\/\/expressrepair-namur.be\/wp-content\/uploads\/2019\/03\/x-e1696593871215-100x100.jpg 100w\" sizes=\"(max-width: 665px) 100vw, 665px\" \/><\/div><div class=\"product_title\"><h2 class=\"woocommerce-loop-product__title\">iPhone X<\/h2>\n\t<span class=\"price\"><span class=\"woocommerce-Price-amount amount\"><bdi><span class=\"woocommerce-Price-currencySymbol\">&euro;<\/span>0.00<\/bdi><\/span> &ndash; <span class=\"woocommerce-Price-amount amount\"><bdi><span class=\"woocommerce-Price-currencySymbol\">&euro;<\/span>140.00<\/bdi><\/span><\/span>\n<\/div><\/a><div class=\"custom_cart_button single_button clearfix\">\t<span id=\"woocommerce_loop_add_to_cart_link_describedby_87\" class=\"screen-reader-text\"> \n\t\tCe produit a plusieurs variations. Les options peuvent \u00eatre choisies sur la page du produit\t<\/span>\n<\/div><\/div><\/li>\n<li class=\"product type-product post-110 status-publish last instock product_cat-serie-galaxy-s has-post-thumbnail shipping-taxable purchasable product-type-variable\">\n\t<div class=\"inner_product \"><a href=\"https:\/\/expressrepair-namur.be\/index.php\/produit\/reparation-galaxy-s8\/\" class=\"woocommerce-LoopProduct-link woocommerce-loop-product__link\"><div class=\"thumbnail_wrapper\"><img decoding=\"async\" width=\"300\" height=\"300\" src=\"https:\/\/expressrepair-namur.be\/wp-content\/uploads\/2019\/03\/reparation-galaxy-s8-express-repair-namur-300x300.jpg\" class=\"attachment-shop_catalog size-shop_catalog wp-post-image\" alt=\"R\u00e9paration Galaxy S8 de Samsung par Express Repair Namur, votre expert en r\u00e9paration de smartphones, tablettes et pc \u00e0 Namur\" srcset=\"https:\/\/expressrepair-namur.be\/wp-content\/uploads\/2019\/03\/reparation-galaxy-s8-express-repair-namur-300x300.jpg 300w, https:\/\/expressrepair-namur.be\/wp-content\/uploads\/2019\/03\/reparation-galaxy-s8-express-repair-namur-150x150.jpg 150w, https:\/\/expressrepair-namur.be\/wp-content\/uploads\/2019\/03\/reparation-galaxy-s8-express-repair-namur-250x250.jpg 250w, https:\/\/expressrepair-namur.be\/wp-content\/uploads\/2019\/03\/reparation-galaxy-s8-express-repair-namur-100x100.jpg 100w, https:\/\/expressrepair-namur.be\/wp-content\/uploads\/2019\/03\/reparation-galaxy-s8-express-repair-namur.jpg 340w\" sizes=\"(max-width: 300px) 100vw, 300px\" \/><\/div><div class=\"product_title\"><h2 class=\"woocommerce-loop-product__title\">Galaxy S8<\/h2>\n\t<span class=\"price\"><span class=\"woocommerce-Price-amount amount\"><bdi><span class=\"woocommerce-Price-currencySymbol\">&euro;<\/span>0.00<\/bdi><\/span> &ndash; <span class=\"woocommerce-Price-amount amount\"><bdi><span class=\"woocommerce-Price-currencySymbol\">&euro;<\/span>220.00<\/bdi><\/span><\/span>\n<\/div><\/a><div class=\"custom_cart_button single_button clearfix\">\t<span id=\"woocommerce_loop_add_to_cart_link_describedby_110\" class=\"screen-reader-text\"> \n\t\tCe produit a plusieurs variations. Les options peuvent \u00eatre choisies sur la page du produit\t<\/span>\n<\/div><\/div><\/li>\n<li class=\"product type-product post-121 status-publish first instock product_cat-ipad has-post-thumbnail shipping-taxable purchasable product-type-variable\">\n\t<div class=\"inner_product \"><a href=\"https:\/\/expressrepair-namur.be\/index.php\/produit\/reparation-ipad-air\/\" class=\"woocommerce-LoopProduct-link woocommerce-loop-product__link\"><div class=\"thumbnail_wrapper\"><img decoding=\"async\" width=\"300\" height=\"300\" src=\"https:\/\/expressrepair-namur.be\/wp-content\/uploads\/2019\/03\/reparation-ipad-air-express-repair-namur-300x300.jpg\" class=\"attachment-shop_catalog size-shop_catalog wp-post-image\" alt=\"R\u00e9paration Ipad Air Appel par Express Repair Namur, votre Expert en r\u00e9paration de tablettes, smartphones, pc et mat\u00e9riels \u00e9lectroniques \u00e0 Namur\" srcset=\"https:\/\/expressrepair-namur.be\/wp-content\/uploads\/2019\/03\/reparation-ipad-air-express-repair-namur-300x300.jpg 300w, https:\/\/expressrepair-namur.be\/wp-content\/uploads\/2019\/03\/reparation-ipad-air-express-repair-namur-150x150.jpg 150w, https:\/\/expressrepair-namur.be\/wp-content\/uploads\/2019\/03\/reparation-ipad-air-express-repair-namur-250x250.jpg 250w, https:\/\/expressrepair-namur.be\/wp-content\/uploads\/2019\/03\/reparation-ipad-air-express-repair-namur-100x100.jpg 100w, https:\/\/expressrepair-namur.be\/wp-content\/uploads\/2019\/03\/reparation-ipad-air-express-repair-namur.jpg 425w\" sizes=\"(max-width: 300px) 100vw, 300px\" \/><\/div><div class=\"product_title\"><h2 class=\"woocommerce-loop-product__title\">iPad Air 1<\/h2>\n\t<span class=\"price\"><span class=\"woocommerce-Price-amount amount\"><bdi><span class=\"woocommerce-Price-currencySymbol\">&euro;<\/span>0.00<\/bdi><\/span> &ndash; <span class=\"woocommerce-Price-amount amount\"><bdi><span class=\"woocommerce-Price-currencySymbol\">&euro;<\/span>160.00<\/bdi><\/span><\/span>\n<\/div><\/a><div class=\"custom_cart_button single_button clearfix\">\t<span id=\"woocommerce_loop_add_to_cart_link_describedby_121\" class=\"screen-reader-text\"> \n\t\tCe produit a plusieurs variations. Les options peuvent \u00eatre choisies sur la page du produit\t<\/span>\n<\/div><\/div><\/li>\n<li class=\"product type-product post-155 status-publish last instock product_cat-iphone has-post-thumbnail shipping-taxable purchasable product-type-variable\">\n\t<div class=\"inner_product \"><a href=\"https:\/\/expressrepair-namur.be\/index.php\/produit\/iphone-xr\/\" class=\"woocommerce-LoopProduct-link woocommerce-loop-product__link\"><div class=\"thumbnail_wrapper\"><img loading=\"lazy\" decoding=\"async\" width=\"800\" height=\"800\" src=\"https:\/\/expressrepair-namur.be\/wp-content\/uploads\/2019\/04\/xr.jpg\" class=\"attachment-shop_catalog size-shop_catalog wp-post-image\" alt=\"\" srcset=\"https:\/\/expressrepair-namur.be\/wp-content\/uploads\/2019\/04\/xr.jpg 800w, https:\/\/expressrepair-namur.be\/wp-content\/uploads\/2019\/04\/xr-300x300.jpg 300w, https:\/\/expressrepair-namur.be\/wp-content\/uploads\/2019\/04\/xr-150x150.jpg 150w, https:\/\/expressrepair-namur.be\/wp-content\/uploads\/2019\/04\/xr-768x768.jpg 768w, https:\/\/expressrepair-namur.be\/wp-content\/uploads\/2019\/04\/xr-250x250.jpg 250w, https:\/\/expressrepair-namur.be\/wp-content\/uploads\/2019\/04\/xr-600x600.jpg 600w, https:\/\/expressrepair-namur.be\/wp-content\/uploads\/2019\/04\/xr-100x100.jpg 100w\" sizes=\"(max-width: 800px) 100vw, 800px\" \/><\/div><div class=\"product_title\"><h2 class=\"woocommerce-loop-product__title\">iPhone XR<\/h2>\n\t<span class=\"price\"><span class=\"woocommerce-Price-amount amount\"><bdi><span class=\"woocommerce-Price-currencySymbol\">&euro;<\/span>0.00<\/bdi><\/span> &ndash; <span class=\"woocommerce-Price-amount amount\"><bdi><span class=\"woocommerce-Price-currencySymbol\">&euro;<\/span>150.00<\/bdi><\/span><\/span>\n<\/div><\/a><div class=\"custom_cart_button single_button clearfix\">\t<span id=\"woocommerce_loop_add_to_cart_link_describedby_155\" class=\"screen-reader-text\"> \n\t\tCe produit a plusieurs variations. Les options peuvent \u00eatre choisies sur la page du produit\t<\/span>\n<\/div><\/div><\/li>\n<\/ul>\n<\/div>\n<p>\u00a0<\/p>\n<\/div>\n<figure><img decoding=\"async\" style=\"border: none;\" src=\"http:\/\/expressrepair-namur.be\/wp-content\/plugins\/advanced-wp-columns\/assets\/js\/plugins\/views\/img\/1x1-pixel.png\" \/><\/figure>\n<div class=\"csColumnGap\" style=\"margin: 0px; padding: 0px; float: left; width: 1.56%;\">\u00a0<\/div>\n<div style=\"clear: both; float: none; display: block; visibility: hidden; width: 0px; font-size: 0px; line-height: 0;\">\u00a0<\/div>\n<\/div><div class=\"wp-block-columns is-layout-flex wp-container-core-columns-is-layout-9d6595d7 wp-block-columns-is-layout-flex\"><div class=\"wp-block-column is-layout-flow wp-block-column-is-layout-flow\" style=\"flex-basis:100%\"><div class=\"wp-block-columns is-layout-flex wp-container-core-columns-is-layout-9d6595d7 wp-block-columns-is-layout-flex\"><div class=\"wp-block-column is-layout-flow wp-block-column-is-layout-flow\"><\/div><\/div><\/div><\/div>","protected":false},"excerpt":{"rendered":"<p>\u00a0 \/!\\ Suite \u00e0 la p\u00e9nurie de pi\u00e8ces \u00e9lectronique mondiale, les prix peuvent varier \/!\\ Express Repair, votre Expert en r\u00e9paration de smartphones, tablettes, PC et autres mat\u00e9riels \u00e9lectroniques! Votre t\u00e9l\u00e9phone est tomb\u00e9 dans l\u2019eau ? Votre ordinateur devient lent, chauffe ou fait beaucoup de bruit ? Votre tablette vous a \u00e9chapp\u00e9e des mains et s\u2019est bris\u00e9e ? Express Repair est l\u00e0 pour vous aider ! Avec Express Repair, le<\/p>\n<p><a class=\"more-link\" href=\"https:\/\/expressrepair-namur.be\/\">Lire la suite&#8230;<\/a><\/p>\n","protected":false},"author":1,"featured_media":0,"parent":0,"menu_order":0,"comment_status":"closed","ping_status":"closed","template":"","meta":{"_mbp_gutenberg_autopost":false,"footnotes":""},"class_list":["post-5","page","type-page","status-publish","hentry"],"yoast_head":"<!-- This site is optimized with the Yoast SEO plugin v24.3 - https:\/\/yoast.com\/wordpress\/plugins\/seo\/ -->\n<title>R\u00e9paration de Smartphones, tablettes, PC ... - Express Repair Namur<\/title>\n<meta name=\"description\" content=\"Express Repair Namur, votre Expert en r\u00e9paration de smartphones, r\u00e9paration de tablettes, r\u00e9paration de pc toutes marques dans la r\u00e9gion de Namur.\" \/>\n<meta name=\"robots\" content=\"index, follow, max-snippet:-1, max-image-preview:large, max-video-preview:-1\" \/>\n<link rel=\"canonical\" href=\"https:\/\/expressrepair-namur.be\/\" \/>\n<meta property=\"og:locale\" content=\"fr_FR\" \/>\n<meta property=\"og:type\" content=\"article\" \/>\n<meta property=\"og:title\" content=\"R\u00e9paration de Smartphones, tablettes, PC ... - Express Repair Namur\" \/>\n<meta property=\"og:description\" content=\"Express Repair Namur, votre Expert en r\u00e9paration de smartphones, r\u00e9paration de tablettes, r\u00e9paration de pc toutes marques dans la r\u00e9gion de Namur.\" \/>\n<meta property=\"og:url\" content=\"https:\/\/expressrepair-namur.be\/\" \/>\n<meta property=\"og:site_name\" content=\"Express Repair Namur\" \/>\n<meta property=\"article:modified_time\" content=\"2023-08-16T15:34:18+00:00\" \/>\n<meta property=\"og:image\" content=\"http:\/\/expressrepair-namur.be\/wp-content\/plugins\/advanced-wp-columns\/assets\/js\/plugins\/views\/img\/1x1-pixel.png\" \/>\n<meta name=\"twitter:card\" content=\"summary_large_image\" \/>\n<meta name=\"twitter:label1\" content=\"Dur\u00e9e de lecture estim\u00e9e\" \/>\n\t<meta name=\"twitter:data1\" content=\"3 minutes\" \/>\n<script type=\"application\/ld+json\" class=\"yoast-schema-graph\">{\"@context\":\"https:\/\/schema.org\",\"@graph\":[{\"@type\":\"WebPage\",\"@id\":\"https:\/\/expressrepair-namur.be\/\",\"url\":\"https:\/\/expressrepair-namur.be\/\",\"name\":\"R\u00e9paration de Smartphones, tablettes, PC ... - Express Repair Namur\",\"isPartOf\":{\"@id\":\"https:\/\/expressrepair-namur.be\/#website\"},\"primaryImageOfPage\":{\"@id\":\"https:\/\/expressrepair-namur.be\/#primaryimage\"},\"image\":{\"@id\":\"https:\/\/expressrepair-namur.be\/#primaryimage\"},\"thumbnailUrl\":\"http:\/\/expressrepair-namur.be\/wp-content\/plugins\/advanced-wp-columns\/assets\/js\/plugins\/views\/img\/1x1-pixel.png\",\"datePublished\":\"2019-02-14T09:30:31+00:00\",\"dateModified\":\"2023-08-16T15:34:18+00:00\",\"description\":\"Express Repair Namur, votre Expert en r\u00e9paration de smartphones, r\u00e9paration de tablettes, r\u00e9paration de pc toutes marques dans la r\u00e9gion de Namur.\",\"breadcrumb\":{\"@id\":\"https:\/\/expressrepair-namur.be\/#breadcrumb\"},\"inLanguage\":\"fr-FR\",\"potentialAction\":[{\"@type\":\"ReadAction\",\"target\":[\"https:\/\/expressrepair-namur.be\/\"]}]},{\"@type\":\"ImageObject\",\"inLanguage\":\"fr-FR\",\"@id\":\"https:\/\/expressrepair-namur.be\/#primaryimage\",\"url\":\"http:\/\/expressrepair-namur.be\/wp-content\/plugins\/advanced-wp-columns\/assets\/js\/plugins\/views\/img\/1x1-pixel.png\",\"contentUrl\":\"http:\/\/expressrepair-namur.be\/wp-content\/plugins\/advanced-wp-columns\/assets\/js\/plugins\/views\/img\/1x1-pixel.png\"},{\"@type\":\"BreadcrumbList\",\"@id\":\"https:\/\/expressrepair-namur.be\/#breadcrumb\",\"itemListElement\":[{\"@type\":\"ListItem\",\"position\":1,\"name\":\"Accueil\",\"item\":\"https:\/\/expressrepair-namur.be\/\"},{\"@type\":\"ListItem\",\"position\":2,\"name\":\"Accueil\"}]},{\"@type\":\"WebSite\",\"@id\":\"https:\/\/expressrepair-namur.be\/#website\",\"url\":\"https:\/\/expressrepair-namur.be\/\",\"name\":\"Express Repair Namur\",\"description\":\"\",\"potentialAction\":[{\"@type\":\"SearchAction\",\"target\":{\"@type\":\"EntryPoint\",\"urlTemplate\":\"https:\/\/expressrepair-namur.be\/?s={search_term_string}\"},\"query-input\":{\"@type\":\"PropertyValueSpecification\",\"valueRequired\":true,\"valueName\":\"search_term_string\"}}],\"inLanguage\":\"fr-FR\"}]}<\/script>\n<!-- \/ Yoast SEO plugin. -->","yoast_head_json":{"title":"R\u00e9paration de Smartphones, tablettes, PC ... - Express Repair Namur","description":"Express Repair Namur, votre Expert en r\u00e9paration de smartphones, r\u00e9paration de tablettes, r\u00e9paration de pc toutes marques dans la r\u00e9gion de Namur.","robots":{"index":"index","follow":"follow","max-snippet":"max-snippet:-1","max-image-preview":"max-image-preview:large","max-video-preview":"max-video-preview:-1"},"canonical":"https:\/\/expressrepair-namur.be\/","og_locale":"fr_FR","og_type":"article","og_title":"R\u00e9paration de Smartphones, tablettes, PC ... - Express Repair Namur","og_description":"Express Repair Namur, votre Expert en r\u00e9paration de smartphones, r\u00e9paration de tablettes, r\u00e9paration de pc toutes marques dans la r\u00e9gion de Namur.","og_url":"https:\/\/expressrepair-namur.be\/","og_site_name":"Express Repair Namur","article_modified_time":"2023-08-16T15:34:18+00:00","og_image":[{"url":"http:\/\/expressrepair-namur.be\/wp-content\/plugins\/advanced-wp-columns\/assets\/js\/plugins\/views\/img\/1x1-pixel.png","type":"","width":"","height":""}],"twitter_card":"summary_large_image","twitter_misc":{"Dur\u00e9e de lecture estim\u00e9e":"3 minutes"},"schema":{"@context":"https:\/\/schema.org","@graph":[{"@type":"WebPage","@id":"https:\/\/expressrepair-namur.be\/","url":"https:\/\/expressrepair-namur.be\/","name":"R\u00e9paration de Smartphones, tablettes, PC ... - Express Repair Namur","isPartOf":{"@id":"https:\/\/expressrepair-namur.be\/#website"},"primaryImageOfPage":{"@id":"https:\/\/expressrepair-namur.be\/#primaryimage"},"image":{"@id":"https:\/\/expressrepair-namur.be\/#primaryimage"},"thumbnailUrl":"http:\/\/expressrepair-namur.be\/wp-content\/plugins\/advanced-wp-columns\/assets\/js\/plugins\/views\/img\/1x1-pixel.png","datePublished":"2019-02-14T09:30:31+00:00","dateModified":"2023-08-16T15:34:18+00:00","description":"Express Repair Namur, votre Expert en r\u00e9paration de smartphones, r\u00e9paration de tablettes, r\u00e9paration de pc toutes marques dans la r\u00e9gion de Namur.","breadcrumb":{"@id":"https:\/\/expressrepair-namur.be\/#breadcrumb"},"inLanguage":"fr-FR","potentialAction":[{"@type":"ReadAction","target":["https:\/\/expressrepair-namur.be\/"]}]},{"@type":"ImageObject","inLanguage":"fr-FR","@id":"https:\/\/expressrepair-namur.be\/#primaryimage","url":"http:\/\/expressrepair-namur.be\/wp-content\/plugins\/advanced-wp-columns\/assets\/js\/plugins\/views\/img\/1x1-pixel.png","contentUrl":"http:\/\/expressrepair-namur.be\/wp-content\/plugins\/advanced-wp-columns\/assets\/js\/plugins\/views\/img\/1x1-pixel.png"},{"@type":"BreadcrumbList","@id":"https:\/\/expressrepair-namur.be\/#breadcrumb","itemListElement":[{"@type":"ListItem","position":1,"name":"Accueil","item":"https:\/\/expressrepair-namur.be\/"},{"@type":"ListItem","position":2,"name":"Accueil"}]},{"@type":"WebSite","@id":"https:\/\/expressrepair-namur.be\/#website","url":"https:\/\/expressrepair-namur.be\/","name":"Express Repair Namur","description":"","potentialAction":[{"@type":"SearchAction","target":{"@type":"EntryPoint","urlTemplate":"https:\/\/expressrepair-namur.be\/?s={search_term_string}"},"query-input":{"@type":"PropertyValueSpecification","valueRequired":true,"valueName":"search_term_string"}}],"inLanguage":"fr-FR"}]}},"_links":{"self":[{"href":"https:\/\/expressrepair-namur.be\/index.php\/wp-json\/wp\/v2\/pages\/5","targetHints":{"allow":["GET"]}}],"collection":[{"href":"https:\/\/expressrepair-namur.be\/index.php\/wp-json\/wp\/v2\/pages"}],"about":[{"href":"https:\/\/expressrepair-namur.be\/index.php\/wp-json\/wp\/v2\/types\/page"}],"author":[{"embeddable":true,"href":"https:\/\/expressrepair-namur.be\/index.php\/wp-json\/wp\/v2\/users\/1"}],"replies":[{"embeddable":true,"href":"https:\/\/expressrepair-namur.be\/index.php\/wp-json\/wp\/v2\/comments?post=5"}],"version-history":[{"count":19,"href":"https:\/\/expressrepair-namur.be\/index.php\/wp-json\/wp\/v2\/pages\/5\/revisions"}],"predecessor-version":[{"id":1130,"href":"https:\/\/expressrepair-namur.be\/index.php\/wp-json\/wp\/v2\/pages\/5\/revisions\/1130"}],"wp:attachment":[{"href":"https:\/\/expressrepair-namur.be\/index.php\/wp-json\/wp\/v2\/media?parent=5"}],"curies":[{"name":"wp","href":"https:\/\/api.w.org\/{rel}","templated":true}]}}