{"id":9,"date":"2019-02-14T10:31:16","date_gmt":"2019-02-14T09:31:16","guid":{"rendered":"http:\/\/expressrepair-namur.be\/?page_id=9"},"modified":"2025-01-24T16:21:59","modified_gmt":"2025-01-24T15:21:59","slug":"contact-et-devis","status":"publish","type":"page","link":"https:\/\/expressrepair-namur.be\/index.php\/contact-et-devis\/","title":{"rendered":"Contact et Devis"},"content":{"rendered":"<div class=\"csRow\">\n<div class=\"csColumnGap\" style=\"margin: 0px; padding: 0px; float: left; width: 1.56%;\"><img decoding=\"async\" style=\"border: none;\" src=\"http:\/\/expressrepair-namur.be\/wp-content\/plugins\/advanced-wp-columns\/assets\/js\/plugins\/views\/img\/1x1-pixel.png\" \/><\/div>\n<div class=\"csColumn\" style=\"margin: 0px; padding: 0px; float: left; width: 45.6%;\" data-csstartpoint=\"15\" data-csendpoint=\"452.5\" data-cswidth=\"45.6%\" data-csid=\"de6a832a-b78f-0b88-8b80-cc9f0ec8fad1\"><img fetchpriority=\"high\" decoding=\"async\" class=\"aligncenter size-medium wp-image-13\" src=\"http:\/\/expressrepair-namur.be\/wp-content\/uploads\/2019\/02\/logo-express-repair-namur-300x237.png\" alt=\"Express Repair Namur, votre expert en r\u00e9paration de smartphone \u00e0 Namur.\" width=\"300\" height=\"237\" srcset=\"https:\/\/expressrepair-namur.be\/wp-content\/uploads\/2019\/02\/logo-express-repair-namur-300x237.png 300w, https:\/\/expressrepair-namur.be\/wp-content\/uploads\/2019\/02\/logo-express-repair-namur-600x474.png 600w, https:\/\/expressrepair-namur.be\/wp-content\/uploads\/2019\/02\/logo-express-repair-namur-768x607.png 768w, https:\/\/expressrepair-namur.be\/wp-content\/uploads\/2019\/02\/logo-express-repair-namur-1024x809.png 1024w, https:\/\/expressrepair-namur.be\/wp-content\/uploads\/2019\/02\/logo-express-repair-namur-800x632.png 800w\" sizes=\"(max-width: 300px) 100vw, 300px\" \/>\n<h1 style=\"text-align: center;\"><strong><span style=\"color: #216aaa;\">VOTRE EXPERT EN REPARATION DE SMARTPHONES, TABLETTES ET PC A ANDENNE<\/span><\/strong><\/h1>\n<p style=\"text-align: center;\">La force d&rsquo;Express Repair, c&rsquo;est sa flexibilit\u00e9 ! Nous r\u00e9parons tout type de mat\u00e9riel informatique \u00e0 notre <strong>a<\/strong><strong>telier de Andenne <\/strong>ou <strong>\u00e0 domicile<\/strong> (60\u20ac d\u00e9placement + premi\u00e8re heure puis, 30\u20ac par demi heure suppl\u00e9mentaire si besoin)<\/p>\n<p style=\"text-align: center;\"><a href=\"https:\/\/goo.gl\/maps\/FMvVYgc8A9zUea8GA\">32 rue du Commerce <\/a><br \/><a href=\"https:\/\/goo.gl\/maps\/FMvVYgc8A9zUea8GA\">5300 Andenne<\/a><\/p>\n<h2 style=\"text-align: center;\"><span style=\"color: #216aaa;\"><strong>PRENEZ RENDEZ-VOUS :<\/strong><\/span><\/h2>\n<p style=\"text-align: center;\">T\u00e9l: <a class=\"mobilesOnly\" href=\"tel: +32472866275\">+32 472\/86.62.75<\/a><br \/>Email: <a href=\"mailto:info@expressrepair-namur.be\" target=\"_blank\" rel=\"noopener noreferrer\">Email<\/a><br \/>Facebook : <a href=\"http:\/\/m.me\/expressrepairnamur\" target=\"_blank\" rel=\"noopener noreferrer\">Messenger<\/a><\/p>\n<div id=\"wpgmza_map\" class=\"wpgmza_map\" data-settings='{\"id\":\"1\",\"map_title\":\"My first map\",\"map_width\":\"100\",\"map_height\":\"300\",\"map_start_lat\":\"50.492514\",\"map_start_lng\":\"5.085914\",\"map_start_location\":\"50.492514493491285,5.085914\",\"map_start_zoom\":\"10\",\"default_marker\":\"0\",\"type\":\"1\",\"alignment\":\"2\",\"directions_enabled\":\"1\",\"styling_enabled\":\"0\",\"styling_json\":\"\",\"active\":\"0\",\"kml\":\"\",\"bicycle\":\"0\",\"traffic\":\"0\",\"dbox\":\"1\",\"dbox_width\":\"100\",\"listmarkers\":\"0\",\"listmarkers_advanced\":\"0\",\"filterbycat\":\"0\",\"ugm_enabled\":\"0\",\"ugm_category_enabled\":\"0\",\"fusion\":\"\",\"map_width_type\":\"\\\\%\",\"map_height_type\":\"px\",\"mass_marker_support\":\"1\",\"ugm_access\":\"0\",\"order_markers_by\":\"1\",\"order_markers_choice\":\"2\",\"show_user_location\":\"0\",\"default_to\":\"\",\"other_settings\":{\"store_locator_enabled\":2,\"store_locator_distance\":2,\"store_locator_default_radius\":\"10\",\"store_locator_not_found_message\":\"No results found in this location. Please try again.\",\"store_locator_bounce\":1,\"store_locator_query_string\":\"Code Postal \\\/ Adresse\",\"store_locator_default_address\":\"\",\"wpgmza_store_locator_restrict\":\"\",\"store_locator_style\":\"modern\",\"wpgmza_store_locator_radius_style\":\"modern\",\"map_max_zoom\":\"1\",\"transport_layer\":0,\"wpgmza_show_points_of_interest\":0}}' data-map-id='1' Data-maps-engine='open-layers' data-shortcode-attributes='{\"id\":\"1\"}' style=\"display:block; overflow:auto; width:100%; height:300px; float:left;\"><\/div>\n<\/div>\n<div class=\"csColumnGap\" style=\"margin: 0px; padding: 0px; float: left; width: 5.73%;\"><img decoding=\"async\" style=\"border: none;\" src=\"http:\/\/expressrepair-namur.be\/wp-content\/plugins\/advanced-wp-columns\/assets\/js\/plugins\/views\/img\/1x1-pixel.png\" \/><\/div>\n<div class=\"csColumn\" style=\"margin: 0px; padding: 0px; float: left; width: 45.6%;\" data-csstartpoint=\"507.5\" data-csendpoint=\"945\" data-cswidth=\"45.6%\" data-csid=\"e149a6cb-b9f2-c60e-a99c-701c99def20d\">\n<h1 style=\"text-align: center;\"><span style=\"color: #216aaa;\"><strong>DEMANDER UN DEVIS :<\/strong><\/span><\/h1>\n<center>\n<div class=\"wpcf7 no-js\" id=\"wpcf7-f65-o1\" lang=\"fr-FR\" dir=\"ltr\" data-wpcf7-id=\"65\">\n<div class=\"screen-reader-response\"><p role=\"status\" aria-live=\"polite\" aria-atomic=\"true\"><\/p> <ul><\/ul><\/div>\n<form action=\"\/index.php\/wp-json\/wp\/v2\/pages\/9#wpcf7-f65-o1\" method=\"post\" class=\"wpcf7-form init\" aria-label=\"Formulaire de contact\" enctype=\"multipart\/form-data\" novalidate=\"novalidate\" data-status=\"init\">\n<div style=\"display: none;\">\n<input type=\"hidden\" name=\"_wpcf7\" value=\"65\" \/>\n<input type=\"hidden\" name=\"_wpcf7_version\" value=\"6.0.3\" \/>\n<input type=\"hidden\" name=\"_wpcf7_locale\" value=\"fr_FR\" \/>\n<input type=\"hidden\" name=\"_wpcf7_unit_tag\" value=\"wpcf7-f65-o1\" \/>\n<input type=\"hidden\" name=\"_wpcf7_container_post\" value=\"0\" \/>\n<input type=\"hidden\" name=\"_wpcf7_posted_data_hash\" value=\"\" \/>\n<\/div>\n<p><label> T\u00e9l\u00e9phone*<br \/>\n<span class=\"wpcf7-form-control-wrap\" data-name=\"your-phone\"><input size=\"40\" maxlength=\"400\" class=\"wpcf7-form-control wpcf7-text wpcf7-validates-as-required\" aria-required=\"true\" aria-invalid=\"false\" value=\"\" type=\"text\" name=\"your-phone\" \/><\/span> <\/label>\n<\/p>\n<p><label> Email*<br \/>\n<span class=\"wpcf7-form-control-wrap\" data-name=\"email-710\"><input size=\"40\" maxlength=\"400\" class=\"wpcf7-form-control wpcf7-email wpcf7-validates-as-required wpcf7-text wpcf7-validates-as-email\" aria-required=\"true\" aria-invalid=\"false\" value=\"\" type=\"email\" name=\"email-710\" \/><\/span> <\/label>\n<\/p>\n<p><label> Marque*<br \/>\n<span class=\"wpcf7-form-control-wrap\" data-name=\"your-brand\"><input size=\"40\" maxlength=\"400\" class=\"wpcf7-form-control wpcf7-text wpcf7-validates-as-required\" aria-required=\"true\" aria-invalid=\"false\" value=\"\" type=\"text\" name=\"your-brand\" \/><\/span> <\/label>\n<\/p>\n<p><label> Mod\u00e8le*<br \/>\n<span class=\"wpcf7-form-control-wrap\" data-name=\"your-model\"><input size=\"40\" maxlength=\"400\" class=\"wpcf7-form-control wpcf7-text wpcf7-validates-as-required\" aria-required=\"true\" aria-invalid=\"false\" value=\"\" type=\"text\" name=\"your-model\" \/><\/span> <\/label>\n<\/p>\n<p><label> Descriptif de la panne*<br \/>\n<span class=\"wpcf7-form-control-wrap\" data-name=\"your-problem\"><textarea cols=\"40\" rows=\"10\" maxlength=\"2000\" class=\"wpcf7-form-control wpcf7-textarea wpcf7-validates-as-required\" aria-required=\"true\" aria-invalid=\"false\" name=\"your-problem\"><\/textarea><\/span> <\/label>\n<\/p>\n<p><label> Informations suppl\u00e9mentaires<br \/>\n<span class=\"wpcf7-form-control-wrap\" data-name=\"your-message\"><textarea cols=\"40\" rows=\"10\" maxlength=\"2000\" class=\"wpcf7-form-control wpcf7-textarea\" aria-invalid=\"false\" name=\"your-message\"><\/textarea><\/span> <\/label>\n<\/p>\n<p><label> Photo<br \/>\n<span class=\"wpcf7-form-control-wrap\" data-name=\"photo1\"><input size=\"40\" class=\"wpcf7-form-control wpcf7-file upload\" id=\"photo1Source\" accept=\".jpeg,.jpg,.png\" aria-invalid=\"false\" type=\"file\" name=\"photo1\" \/><\/span> <\/label>\n<\/p>\n<p><input class=\"wpcf7-form-control wpcf7-submit has-spinner\" type=\"submit\" value=\"Envoyer\" \/>\n<\/p><div class=\"wpcf7-response-output\" aria-hidden=\"true\"><\/div>\n<\/form>\n<\/div>\n<\/center><\/div>\n<div class=\"csColumnGap\" style=\"margin: 0px; padding: 0px; float: left; width: 1.56%;\"><img decoding=\"async\" style=\"border: none;\" src=\"http:\/\/expressrepair-namur.be\/wp-content\/plugins\/advanced-wp-columns\/assets\/js\/plugins\/views\/img\/1x1-pixel.png\" \/><\/div>\n<div style=\"clear: both; float: none; display: block; visibility: hidden; width: 0px; font-size: 0px; line-height: 0;\">\u00a0<\/div>\n<\/div>","protected":false},"excerpt":{"rendered":"<p>VOTRE EXPERT EN REPARATION DE SMARTPHONES, TABLETTES ET PC A ANDENNE La force d&rsquo;Express Repair, c&rsquo;est sa flexibilit\u00e9 ! Nous r\u00e9parons tout type de mat\u00e9riel informatique \u00e0 notre atelier de Andenne ou \u00e0 domicile (60\u20ac d\u00e9placement + premi\u00e8re heure puis, 30\u20ac par demi heure suppl\u00e9mentaire si besoin) 32 rue du Commerce 5300 Andenne PRENEZ RENDEZ-VOUS : T\u00e9l: +32 472\/86.62.75Email: EmailFacebook : Messenger DEMANDER UN DEVIS : \u00a0<\/p>\n","protected":false},"author":1,"featured_media":0,"parent":0,"menu_order":0,"comment_status":"closed","ping_status":"closed","template":"","meta":{"_mbp_gutenberg_autopost":false,"footnotes":""},"class_list":["post-9","page","type-page","status-publish","hentry"],"yoast_head":"<!-- This site is optimized with the Yoast SEO plugin v24.3 - https:\/\/yoast.com\/wordpress\/plugins\/seo\/ -->\n<title>Contact et Devis - Express Repair Namur<\/title>\n<meta name=\"description\" content=\"Express Repair, votre Expert en r\u00e9paration de smartphones, tablettes et pc \u00e0 NAMUR. R\u00e9paration de smartphones toutes marques sur Rendez-vous \u00e0 Namur.\" \/>\n<meta name=\"robots\" content=\"index, follow, max-snippet:-1, max-image-preview:large, max-video-preview:-1\" \/>\n<link rel=\"canonical\" href=\"http:\/\/expressrepair-namur.be\/index.php\/contact-et-devis\/\" \/>\n<meta property=\"og:locale\" content=\"fr_FR\" \/>\n<meta property=\"og:type\" content=\"article\" \/>\n<meta property=\"og:title\" content=\"Contact et Devis - Express Repair Namur\" \/>\n<meta property=\"og:description\" content=\"Express Repair, votre Expert en r\u00e9paration de smartphones, tablettes et pc \u00e0 NAMUR. R\u00e9paration de smartphones toutes marques sur Rendez-vous \u00e0 Namur.\" \/>\n<meta property=\"og:url\" content=\"http:\/\/expressrepair-namur.be\/index.php\/contact-et-devis\/\" \/>\n<meta property=\"og:site_name\" content=\"Express Repair Namur\" \/>\n<meta property=\"article:modified_time\" content=\"2025-01-24T15:21:59+00:00\" \/>\n<meta property=\"og:image\" content=\"http:\/\/expressrepair-namur.be\/wp-content\/plugins\/advanced-wp-columns\/assets\/js\/plugins\/views\/img\/1x1-pixel.png\" \/>\n<meta name=\"twitter:card\" content=\"summary_large_image\" \/>\n<meta name=\"twitter:label1\" content=\"Dur\u00e9e de lecture estim\u00e9e\" \/>\n\t<meta name=\"twitter:data1\" content=\"2 minutes\" \/>\n<script type=\"application\/ld+json\" class=\"yoast-schema-graph\">{\"@context\":\"https:\/\/schema.org\",\"@graph\":[{\"@type\":\"WebPage\",\"@id\":\"http:\/\/expressrepair-namur.be\/index.php\/contact-et-devis\/\",\"url\":\"http:\/\/expressrepair-namur.be\/index.php\/contact-et-devis\/\",\"name\":\"Contact et Devis - Express Repair Namur\",\"isPartOf\":{\"@id\":\"https:\/\/expressrepair-namur.be\/#website\"},\"primaryImageOfPage\":{\"@id\":\"http:\/\/expressrepair-namur.be\/index.php\/contact-et-devis\/#primaryimage\"},\"image\":{\"@id\":\"http:\/\/expressrepair-namur.be\/index.php\/contact-et-devis\/#primaryimage\"},\"thumbnailUrl\":\"http:\/\/expressrepair-namur.be\/wp-content\/plugins\/advanced-wp-columns\/assets\/js\/plugins\/views\/img\/1x1-pixel.png\",\"datePublished\":\"2019-02-14T09:31:16+00:00\",\"dateModified\":\"2025-01-24T15:21:59+00:00\",\"description\":\"Express Repair, votre Expert en r\u00e9paration de smartphones, tablettes et pc \u00e0 NAMUR. R\u00e9paration de smartphones toutes marques sur Rendez-vous \u00e0 Namur.\",\"breadcrumb\":{\"@id\":\"http:\/\/expressrepair-namur.be\/index.php\/contact-et-devis\/#breadcrumb\"},\"inLanguage\":\"fr-FR\",\"potentialAction\":[{\"@type\":\"ReadAction\",\"target\":[\"http:\/\/expressrepair-namur.be\/index.php\/contact-et-devis\/\"]}]},{\"@type\":\"ImageObject\",\"inLanguage\":\"fr-FR\",\"@id\":\"http:\/\/expressrepair-namur.be\/index.php\/contact-et-devis\/#primaryimage\",\"url\":\"http:\/\/expressrepair-namur.be\/wp-content\/plugins\/advanced-wp-columns\/assets\/js\/plugins\/views\/img\/1x1-pixel.png\",\"contentUrl\":\"http:\/\/expressrepair-namur.be\/wp-content\/plugins\/advanced-wp-columns\/assets\/js\/plugins\/views\/img\/1x1-pixel.png\"},{\"@type\":\"BreadcrumbList\",\"@id\":\"http:\/\/expressrepair-namur.be\/index.php\/contact-et-devis\/#breadcrumb\",\"itemListElement\":[{\"@type\":\"ListItem\",\"position\":1,\"name\":\"Accueil\",\"item\":\"https:\/\/expressrepair-namur.be\/\"},{\"@type\":\"ListItem\",\"position\":2,\"name\":\"Contact et Devis\"}]},{\"@type\":\"WebSite\",\"@id\":\"https:\/\/expressrepair-namur.be\/#website\",\"url\":\"https:\/\/expressrepair-namur.be\/\",\"name\":\"Express Repair Namur\",\"description\":\"\",\"potentialAction\":[{\"@type\":\"SearchAction\",\"target\":{\"@type\":\"EntryPoint\",\"urlTemplate\":\"https:\/\/expressrepair-namur.be\/?s={search_term_string}\"},\"query-input\":{\"@type\":\"PropertyValueSpecification\",\"valueRequired\":true,\"valueName\":\"search_term_string\"}}],\"inLanguage\":\"fr-FR\"}]}<\/script>\n<!-- \/ Yoast SEO plugin. -->","yoast_head_json":{"title":"Contact et Devis - Express Repair Namur","description":"Express Repair, votre Expert en r\u00e9paration de smartphones, tablettes et pc \u00e0 NAMUR. R\u00e9paration de smartphones toutes marques sur Rendez-vous \u00e0 Namur.","robots":{"index":"index","follow":"follow","max-snippet":"max-snippet:-1","max-image-preview":"max-image-preview:large","max-video-preview":"max-video-preview:-1"},"canonical":"http:\/\/expressrepair-namur.be\/index.php\/contact-et-devis\/","og_locale":"fr_FR","og_type":"article","og_title":"Contact et Devis - Express Repair Namur","og_description":"Express Repair, votre Expert en r\u00e9paration de smartphones, tablettes et pc \u00e0 NAMUR. R\u00e9paration de smartphones toutes marques sur Rendez-vous \u00e0 Namur.","og_url":"http:\/\/expressrepair-namur.be\/index.php\/contact-et-devis\/","og_site_name":"Express Repair Namur","article_modified_time":"2025-01-24T15:21:59+00:00","og_image":[{"url":"http:\/\/expressrepair-namur.be\/wp-content\/plugins\/advanced-wp-columns\/assets\/js\/plugins\/views\/img\/1x1-pixel.png","type":"","width":"","height":""}],"twitter_card":"summary_large_image","twitter_misc":{"Dur\u00e9e de lecture estim\u00e9e":"2 minutes"},"schema":{"@context":"https:\/\/schema.org","@graph":[{"@type":"WebPage","@id":"http:\/\/expressrepair-namur.be\/index.php\/contact-et-devis\/","url":"http:\/\/expressrepair-namur.be\/index.php\/contact-et-devis\/","name":"Contact et Devis - Express Repair Namur","isPartOf":{"@id":"https:\/\/expressrepair-namur.be\/#website"},"primaryImageOfPage":{"@id":"http:\/\/expressrepair-namur.be\/index.php\/contact-et-devis\/#primaryimage"},"image":{"@id":"http:\/\/expressrepair-namur.be\/index.php\/contact-et-devis\/#primaryimage"},"thumbnailUrl":"http:\/\/expressrepair-namur.be\/wp-content\/plugins\/advanced-wp-columns\/assets\/js\/plugins\/views\/img\/1x1-pixel.png","datePublished":"2019-02-14T09:31:16+00:00","dateModified":"2025-01-24T15:21:59+00:00","description":"Express Repair, votre Expert en r\u00e9paration de smartphones, tablettes et pc \u00e0 NAMUR. R\u00e9paration de smartphones toutes marques sur Rendez-vous \u00e0 Namur.","breadcrumb":{"@id":"http:\/\/expressrepair-namur.be\/index.php\/contact-et-devis\/#breadcrumb"},"inLanguage":"fr-FR","potentialAction":[{"@type":"ReadAction","target":["http:\/\/expressrepair-namur.be\/index.php\/contact-et-devis\/"]}]},{"@type":"ImageObject","inLanguage":"fr-FR","@id":"http:\/\/expressrepair-namur.be\/index.php\/contact-et-devis\/#primaryimage","url":"http:\/\/expressrepair-namur.be\/wp-content\/plugins\/advanced-wp-columns\/assets\/js\/plugins\/views\/img\/1x1-pixel.png","contentUrl":"http:\/\/expressrepair-namur.be\/wp-content\/plugins\/advanced-wp-columns\/assets\/js\/plugins\/views\/img\/1x1-pixel.png"},{"@type":"BreadcrumbList","@id":"http:\/\/expressrepair-namur.be\/index.php\/contact-et-devis\/#breadcrumb","itemListElement":[{"@type":"ListItem","position":1,"name":"Accueil","item":"https:\/\/expressrepair-namur.be\/"},{"@type":"ListItem","position":2,"name":"Contact et Devis"}]},{"@type":"WebSite","@id":"https:\/\/expressrepair-namur.be\/#website","url":"https:\/\/expressrepair-namur.be\/","name":"Express Repair Namur","description":"","potentialAction":[{"@type":"SearchAction","target":{"@type":"EntryPoint","urlTemplate":"https:\/\/expressrepair-namur.be\/?s={search_term_string}"},"query-input":{"@type":"PropertyValueSpecification","valueRequired":true,"valueName":"search_term_string"}}],"inLanguage":"fr-FR"}]}},"_links":{"self":[{"href":"https:\/\/expressrepair-namur.be\/index.php\/wp-json\/wp\/v2\/pages\/9","targetHints":{"allow":["GET"]}}],"collection":[{"href":"https:\/\/expressrepair-namur.be\/index.php\/wp-json\/wp\/v2\/pages"}],"about":[{"href":"https:\/\/expressrepair-namur.be\/index.php\/wp-json\/wp\/v2\/types\/page"}],"author":[{"embeddable":true,"href":"https:\/\/expressrepair-namur.be\/index.php\/wp-json\/wp\/v2\/users\/1"}],"replies":[{"embeddable":true,"href":"https:\/\/expressrepair-namur.be\/index.php\/wp-json\/wp\/v2\/comments?post=9"}],"version-history":[{"count":18,"href":"https:\/\/expressrepair-namur.be\/index.php\/wp-json\/wp\/v2\/pages\/9\/revisions"}],"predecessor-version":[{"id":2933,"href":"https:\/\/expressrepair-namur.be\/index.php\/wp-json\/wp\/v2\/pages\/9\/revisions\/2933"}],"wp:attachment":[{"href":"https:\/\/expressrepair-namur.be\/index.php\/wp-json\/wp\/v2\/media?parent=9"}],"curies":[{"name":"wp","href":"https:\/\/api.w.org\/{rel}","templated":true}]}}